{"id":2644,"date":"2024-01-10T15:14:03","date_gmt":"2024-01-10T14:14:03","guid":{"rendered":"https:\/\/www.a2d.ai\/genie-civil\/"},"modified":"2025-12-05T18:09:05","modified_gmt":"2025-12-05T17:09:05","slug":"civil-engineering","status":"publish","type":"page","link":"https:\/\/www.a2d.ai\/en\/our-solutions\/civil-engineering\/","title":{"rendered":"Civil Engineering"},"content":{"rendered":"\t\t<div data-elementor-type=\"wp-page\" data-elementor-id=\"2644\" class=\"elementor elementor-2644\" data-elementor-post-type=\"page\">\n\t\t\t\t<div data-particle_enable=\"false\" data-particle-mobile-disabled=\"false\" class=\"elementor-element elementor-element-22828411 e-con-full e-flex e-con e-child\" data-id=\"22828411\" data-element_type=\"container\" data-e-type=\"container\" data-settings=\"{&quot;background_background&quot;:&quot;slideshow&quot;,&quot;background_slideshow_gallery&quot;:[{&quot;id&quot;:2190,&quot;url&quot;:&quot;https:\\\/\\\/www.a2d.ai\\\/wp-content\\\/uploads\\\/2024\\\/01\\\/genie-civil2.jpeg&quot;}],&quot;background_slideshow_loop&quot;:&quot;yes&quot;,&quot;background_slideshow_slide_duration&quot;:5000,&quot;background_slideshow_slide_transition&quot;:&quot;fade&quot;,&quot;background_slideshow_transition_duration&quot;:500}\">\n\t\t\t\t<div class=\"elementor-element elementor-element-520643d2 elementor-widget elementor-widget-breadcrumbs\" data-id=\"520643d2\" data-element_type=\"widget\" data-e-type=\"widget\" data-widget_type=\"breadcrumbs.default\">\n\t\t\t\t<div class=\"elementor-widget-container\">\n\t\t\t\t\t<p id=\"breadcrumbs\"><ul><li><a href=\"https:\/\/www.a2d.ai\/en\/home-2\/\">Home<\/a><\/li><\/ul><\/p>\t\t\t\t<\/div>\n\t\t\t\t<\/div>\n\t\t<div data-particle_enable=\"false\" data-particle-mobile-disabled=\"false\" class=\"elementor-element elementor-element-5b9cc9ce e-grid e-con-boxed e-con e-child\" data-id=\"5b9cc9ce\" data-element_type=\"container\" data-e-type=\"container\" data-settings=\"{&quot;background_background&quot;:&quot;classic&quot;}\">\n\t\t\t\t\t<div class=\"e-con-inner\">\n\t\t<div data-particle_enable=\"false\" data-particle-mobile-disabled=\"false\" class=\"elementor-element elementor-element-429cc6f1 e-con-full e-flex e-con e-child\" data-id=\"429cc6f1\" data-element_type=\"container\" data-e-type=\"container\">\n\t\t\t\t<div class=\"elementor-element elementor-element-1a30c141 elementor-widget elementor-widget-heading\" data-id=\"1a30c141\" data-element_type=\"widget\" data-e-type=\"widget\" data-widget_type=\"heading.default\">\n\t\t\t\t<div class=\"elementor-widget-container\">\n\t\t\t\t\t<p class=\"elementor-heading-title elementor-size-default\">A2D Acquire to Decide<\/p>\t\t\t\t<\/div>\n\t\t\t\t<\/div>\n\t\t\t\t<div class=\"elementor-element elementor-element-d7ba10d elementor-widget elementor-widget-heading\" data-id=\"d7ba10d\" data-element_type=\"widget\" data-e-type=\"widget\" data-widget_type=\"heading.default\">\n\t\t\t\t<div class=\"elementor-widget-container\">\n\t\t\t\t\t<h1 class=\"elementor-heading-title elementor-size-default\">construction<\/h1>\t\t\t\t<\/div>\n\t\t\t\t<\/div>\n\t\t\t\t<\/div>\n\t\t\t\t\t<\/div>\n\t\t\t\t<\/div>\n\t\t\t\t<\/div>\n\t\t<div data-particle_enable=\"false\" data-particle-mobile-disabled=\"false\" class=\"elementor-element elementor-element-da1abfa e-con-full e-flex e-con e-child\" data-id=\"da1abfa\" data-element_type=\"container\" data-e-type=\"container\">\n\t\t<div data-particle_enable=\"false\" data-particle-mobile-disabled=\"false\" class=\"elementor-element elementor-element-7b6851d e-con-full e-flex e-con e-child\" data-id=\"7b6851d\" data-element_type=\"container\" data-e-type=\"container\" data-settings=\"{&quot;background_background&quot;:&quot;classic&quot;}\">\n\t\t<div data-particle_enable=\"false\" data-particle-mobile-disabled=\"false\" class=\"elementor-element elementor-element-e228708 e-flex e-con-boxed e-con e-child\" data-id=\"e228708\" data-element_type=\"container\" data-e-type=\"container\">\n\t\t\t\t\t<div class=\"e-con-inner\">\n\t\t\t\t<div class=\"elementor-element elementor-element-6294c2c9 elementor-widget elementor-widget-text-editor\" data-id=\"6294c2c9\" data-element_type=\"widget\" data-e-type=\"widget\" data-widget_type=\"text-editor.default\">\n\t\t\t\t<div class=\"elementor-widget-container\">\n\t\t\t\t\t\t\t\t\t<p>STRUCTURE INSPECTION AND AUTOMATIC FAULT DETECTION &#8211; PREDICTIVE MAINTENANCE<\/p><p>Analyse detected anomalies &#8211; Automatically edit your reports<\/p><p>Our AI leads you to the essential: the anomalies detected that require your expertise.<\/p>\t\t\t\t\t\t\t\t<\/div>\n\t\t\t\t<\/div>\n\t\t\t\t\t<\/div>\n\t\t\t\t<\/div>\n\t\t\t\t<\/div>\n\t\t\t\t<\/div>\n\t\t<div data-particle_enable=\"false\" data-particle-mobile-disabled=\"false\" class=\"elementor-element elementor-element-c961797 e-flex e-con-boxed e-con e-parent\" data-id=\"c961797\" data-element_type=\"container\" data-e-type=\"container\" data-settings=\"{&quot;background_background&quot;:&quot;classic&quot;}\">\n\t\t\t\t\t<div class=\"e-con-inner\">\n\t\t<div data-particle_enable=\"false\" data-particle-mobile-disabled=\"false\" class=\"elementor-element elementor-element-6c17b1a e-con-full e-flex e-con e-child\" data-id=\"6c17b1a\" data-element_type=\"container\" data-e-type=\"container\">\n\t\t<div data-particle_enable=\"false\" data-particle-mobile-disabled=\"false\" class=\"elementor-element elementor-element-53adecf e-con-full e-flex elementor-invisible e-con e-child\" data-id=\"53adecf\" data-element_type=\"container\" data-e-type=\"container\" data-settings=\"{&quot;background_background&quot;:&quot;classic&quot;,&quot;animation&quot;:&quot;fadeInUp&quot;,&quot;animation_delay&quot;:0}\">\n\t\t<div data-particle_enable=\"false\" data-particle-mobile-disabled=\"false\" class=\"elementor-element elementor-element-5708112 e-con-full e-flex e-con e-child\" data-id=\"5708112\" data-element_type=\"container\" data-e-type=\"container\">\n\t\t<div data-particle_enable=\"false\" data-particle-mobile-disabled=\"false\" class=\"elementor-element elementor-element-b5f2cf6 e-flex e-con-boxed e-con e-child\" data-id=\"b5f2cf6\" data-element_type=\"container\" data-e-type=\"container\">\n\t\t\t\t\t<div class=\"e-con-inner\">\n\t\t\t\t<div class=\"elementor-element elementor-element-18de99c elementor-widget elementor-widget-image\" data-id=\"18de99c\" data-element_type=\"widget\" data-e-type=\"widget\" data-widget_type=\"image.default\">\n\t\t\t\t<div class=\"elementor-widget-container\">\n\t\t\t\t\t\t\t\t\t\t\t\t\t\t\t<img fetchpriority=\"high\" decoding=\"async\" width=\"634\" height=\"620\" src=\"https:\/\/www.a2d.ai\/wp-content\/uploads\/2025\/04\/image-plateforme-abbaye-mob.png\" class=\"attachment-large size-large wp-image-3969\" alt=\"AGIR : d\u00e9tection, caract\u00e9risation et visualisation du carnet de sant\u00e9 d&#039;un b\u00e2timent\" srcset=\"https:\/\/www.a2d.ai\/wp-content\/uploads\/2025\/04\/image-plateforme-abbaye-mob.png 634w, https:\/\/www.a2d.ai\/wp-content\/uploads\/2025\/04\/image-plateforme-abbaye-mob-300x293.png 300w\" sizes=\"(max-width: 634px) 100vw, 634px\" \/>\t\t\t\t\t\t\t\t\t\t\t\t\t\t\t<\/div>\n\t\t\t\t<\/div>\n\t\t\t\t<div class=\"elementor-element elementor-element-5d08784 elementor-widget elementor-widget-heading\" data-id=\"5d08784\" data-element_type=\"widget\" data-e-type=\"widget\" data-widget_type=\"heading.default\">\n\t\t\t\t<div class=\"elementor-widget-container\">\n\t\t\t\t\t<h2 class=\"elementor-heading-title elementor-size-default\"><b><\/b><br>Detection, analysis and monitoring of damage to masonry structures<\/h2>\t\t\t\t<\/div>\n\t\t\t\t<\/div>\n\t\t\t\t<div class=\"elementor-element elementor-element-d452688 elementor-widget-divider--view-line elementor-widget elementor-widget-divider\" data-id=\"d452688\" data-element_type=\"widget\" data-e-type=\"widget\" data-widget_type=\"divider.default\">\n\t\t\t\t<div class=\"elementor-widget-container\">\n\t\t\t\t\t\t\t<div class=\"elementor-divider\">\n\t\t\t<span class=\"elementor-divider-separator\">\n\t\t\t\t\t\t<\/span>\n\t\t<\/div>\n\t\t\t\t\t\t<\/div>\n\t\t\t\t<\/div>\n\t\t\t\t\t<\/div>\n\t\t\t\t<\/div>\n\t\t\t\t<div class=\"elementor-element elementor-element-9d611c2 elementor-align-center elementor-widget elementor-widget-button\" data-id=\"9d611c2\" data-element_type=\"widget\" data-e-type=\"widget\" data-widget_type=\"button.default\">\n\t\t\t\t<div class=\"elementor-widget-container\">\n\t\t\t\t\t\t\t\t\t<div class=\"elementor-button-wrapper\">\n\t\t\t\t\t<a class=\"elementor-button elementor-button-link elementor-size-sm\" href=\"https:\/\/www.a2d.ai\/en\/our-solutions\/arca%c2%b2d-detection-analysis-and-monitoring-of-deterioration-to-masonry-structures\/\">\n\t\t\t\t\t\t<span class=\"elementor-button-content-wrapper\">\n\t\t\t\t\t\t\t\t\t<span class=\"elementor-button-text\">Read more<\/span>\n\t\t\t\t\t<\/span>\n\t\t\t\t\t<\/a>\n\t\t\t\t<\/div>\n\t\t\t\t\t\t\t\t<\/div>\n\t\t\t\t<\/div>\n\t\t\t\t<\/div>\n\t\t\t\t<\/div>\n\t\t<div data-particle_enable=\"false\" data-particle-mobile-disabled=\"false\" class=\"elementor-element elementor-element-3c937ce e-con-full e-flex elementor-invisible e-con e-child\" data-id=\"3c937ce\" data-element_type=\"container\" data-e-type=\"container\" data-settings=\"{&quot;background_background&quot;:&quot;classic&quot;,&quot;animation&quot;:&quot;fadeInUp&quot;,&quot;animation_delay&quot;:0}\">\n\t\t<div data-particle_enable=\"false\" data-particle-mobile-disabled=\"false\" class=\"elementor-element elementor-element-90ee766 e-con-full e-flex e-con e-child\" data-id=\"90ee766\" data-element_type=\"container\" data-e-type=\"container\">\n\t\t<div data-particle_enable=\"false\" data-particle-mobile-disabled=\"false\" class=\"elementor-element elementor-element-a8791c0 e-flex e-con-boxed e-con e-child\" data-id=\"a8791c0\" data-element_type=\"container\" data-e-type=\"container\">\n\t\t\t\t\t<div class=\"e-con-inner\">\n\t\t\t\t<div class=\"elementor-element elementor-element-ca558cf elementor-widget elementor-widget-image\" data-id=\"ca558cf\" data-element_type=\"widget\" data-e-type=\"widget\" data-widget_type=\"image.default\">\n\t\t\t\t<div class=\"elementor-widget-container\">\n\t\t\t\t\t\t\t\t\t\t\t\t\t\t\t<img decoding=\"async\" width=\"1024\" height=\"641\" src=\"https:\/\/www.a2d.ai\/wp-content\/uploads\/2025\/04\/Post-lkn-aire-et-volume-marqueur2-1024x641.png\" class=\"attachment-large size-large wp-image-4028\" alt=\"\" srcset=\"https:\/\/www.a2d.ai\/wp-content\/uploads\/2025\/04\/Post-lkn-aire-et-volume-marqueur2-1024x641.png 1024w, https:\/\/www.a2d.ai\/wp-content\/uploads\/2025\/04\/Post-lkn-aire-et-volume-marqueur2-300x188.png 300w, https:\/\/www.a2d.ai\/wp-content\/uploads\/2025\/04\/Post-lkn-aire-et-volume-marqueur2-768x481.png 768w, https:\/\/www.a2d.ai\/wp-content\/uploads\/2025\/04\/Post-lkn-aire-et-volume-marqueur2.png 1150w\" sizes=\"(max-width: 1024px) 100vw, 1024px\" \/>\t\t\t\t\t\t\t\t\t\t\t\t\t\t\t<\/div>\n\t\t\t\t<\/div>\n\t\t\t\t<div class=\"elementor-element elementor-element-1ae0e0b elementor-widget elementor-widget-heading\" data-id=\"1ae0e0b\" data-element_type=\"widget\" data-e-type=\"widget\" data-widget_type=\"heading.default\">\n\t\t\t\t<div class=\"elementor-widget-container\">\n\t\t\t\t\t<h2 class=\"elementor-heading-title elementor-size-default\"><b><\/b><br>Detection and temporal monitoring of deterioration in weakly structured structures<\/h2>\t\t\t\t<\/div>\n\t\t\t\t<\/div>\n\t\t\t\t<div class=\"elementor-element elementor-element-3cfc059 elementor-widget-divider--view-line elementor-widget elementor-widget-divider\" data-id=\"3cfc059\" data-element_type=\"widget\" data-e-type=\"widget\" data-widget_type=\"divider.default\">\n\t\t\t\t<div class=\"elementor-widget-container\">\n\t\t\t\t\t\t\t<div class=\"elementor-divider\">\n\t\t\t<span class=\"elementor-divider-separator\">\n\t\t\t\t\t\t<\/span>\n\t\t<\/div>\n\t\t\t\t\t\t<\/div>\n\t\t\t\t<\/div>\n\t\t\t\t\t<\/div>\n\t\t\t\t<\/div>\n\t\t\t\t<div class=\"elementor-element elementor-element-11183c6 elementor-align-center elementor-widget elementor-widget-button\" data-id=\"11183c6\" data-element_type=\"widget\" data-e-type=\"widget\" data-widget_type=\"button.default\">\n\t\t\t\t<div class=\"elementor-widget-container\">\n\t\t\t\t\t\t\t\t\t<div class=\"elementor-button-wrapper\">\n\t\t\t\t\t<a class=\"elementor-button elementor-button-link elementor-size-sm\" href=\"https:\/\/www.a2d.ai\/en\/our-solutions\/civil-engineering\/perrea%c2%b2d-detection-characterisation-and-ongoing-monitoring-of-deterioration-to-weak-structures\/\">\n\t\t\t\t\t\t<span class=\"elementor-button-content-wrapper\">\n\t\t\t\t\t\t\t\t\t<span class=\"elementor-button-text\">Read more<\/span>\n\t\t\t\t\t<\/span>\n\t\t\t\t\t<\/a>\n\t\t\t\t<\/div>\n\t\t\t\t\t\t\t\t<\/div>\n\t\t\t\t<\/div>\n\t\t\t\t<\/div>\n\t\t\t\t<\/div>\n\t\t<div data-particle_enable=\"false\" data-particle-mobile-disabled=\"false\" class=\"elementor-element elementor-element-ba95354 e-con-full e-flex elementor-invisible e-con e-child\" data-id=\"ba95354\" data-element_type=\"container\" data-e-type=\"container\" data-settings=\"{&quot;background_background&quot;:&quot;classic&quot;,&quot;animation&quot;:&quot;fadeInUp&quot;,&quot;animation_delay&quot;:0}\">\n\t\t<div data-particle_enable=\"false\" data-particle-mobile-disabled=\"false\" class=\"elementor-element elementor-element-0d8837b e-con-full e-flex e-con e-child\" data-id=\"0d8837b\" data-element_type=\"container\" data-e-type=\"container\">\n\t\t<div data-particle_enable=\"false\" data-particle-mobile-disabled=\"false\" class=\"elementor-element elementor-element-f752388 e-flex e-con-boxed e-con e-child\" data-id=\"f752388\" data-element_type=\"container\" data-e-type=\"container\">\n\t\t\t\t\t<div class=\"e-con-inner\">\n\t\t\t\t<div class=\"elementor-element elementor-element-beb39aa elementor-widget elementor-widget-image\" data-id=\"beb39aa\" data-element_type=\"widget\" data-e-type=\"widget\" data-widget_type=\"image.default\">\n\t\t\t\t<div class=\"elementor-widget-container\">\n\t\t\t\t\t\t\t\t\t\t\t\t\t\t\t<img decoding=\"async\" width=\"1024\" height=\"527\" src=\"https:\/\/www.a2d.ai\/wp-content\/uploads\/2023\/09\/nuagee-a2D-1024x527.jpg\" class=\"attachment-large size-large wp-image-2454\" alt=\"\" srcset=\"https:\/\/www.a2d.ai\/wp-content\/uploads\/2023\/09\/nuagee-a2D-1024x527.jpg 1024w, https:\/\/www.a2d.ai\/wp-content\/uploads\/2023\/09\/nuagee-a2D-300x155.jpg 300w, https:\/\/www.a2d.ai\/wp-content\/uploads\/2023\/09\/nuagee-a2D-768x396.jpg 768w, https:\/\/www.a2d.ai\/wp-content\/uploads\/2023\/09\/nuagee-a2D-1536x791.jpg 1536w, https:\/\/www.a2d.ai\/wp-content\/uploads\/2023\/09\/nuagee-a2D-1568x808.jpg 1568w, https:\/\/www.a2d.ai\/wp-content\/uploads\/2023\/09\/nuagee-a2D.jpg 1920w\" sizes=\"(max-width: 1024px) 100vw, 1024px\" \/>\t\t\t\t\t\t\t\t\t\t\t\t\t\t\t<\/div>\n\t\t\t\t<\/div>\n\t\t\t\t<div class=\"elementor-element elementor-element-d7f5a2c elementor-widget elementor-widget-heading\" data-id=\"d7f5a2c\" data-element_type=\"widget\" data-e-type=\"widget\" data-widget_type=\"heading.default\">\n\t\t\t\t<div class=\"elementor-widget-container\">\n\t\t\t\t\t<h2 class=\"elementor-heading-title elementor-size-default\"><b><\/b><br>Road mapping and PCRS<\/h2>\t\t\t\t<\/div>\n\t\t\t\t<\/div>\n\t\t\t\t<div class=\"elementor-element elementor-element-3700314 elementor-widget-divider--view-line elementor-widget elementor-widget-divider\" data-id=\"3700314\" data-element_type=\"widget\" data-e-type=\"widget\" data-widget_type=\"divider.default\">\n\t\t\t\t<div class=\"elementor-widget-container\">\n\t\t\t\t\t\t\t<div class=\"elementor-divider\">\n\t\t\t<span class=\"elementor-divider-separator\">\n\t\t\t\t\t\t<\/span>\n\t\t<\/div>\n\t\t\t\t\t\t<\/div>\n\t\t\t\t<\/div>\n\t\t\t\t\t<\/div>\n\t\t\t\t<\/div>\n\t\t\t\t<div class=\"elementor-element elementor-element-227fc18 elementor-align-center elementor-widget elementor-widget-button\" data-id=\"227fc18\" data-element_type=\"widget\" data-e-type=\"widget\" data-widget_type=\"button.default\">\n\t\t\t\t<div class=\"elementor-widget-container\">\n\t\t\t\t\t\t\t\t\t<div class=\"elementor-button-wrapper\">\n\t\t\t\t\t<a class=\"elementor-button elementor-button-link elementor-size-sm\" href=\"https:\/\/www.a2d.ai\/nos-solutions\/stradad-cartographie-des-voiries\/\">\n\t\t\t\t\t\t<span class=\"elementor-button-content-wrapper\">\n\t\t\t\t\t\t\t\t\t<span class=\"elementor-button-text\">Read more<\/span>\n\t\t\t\t\t<\/span>\n\t\t\t\t\t<\/a>\n\t\t\t\t<\/div>\n\t\t\t\t\t\t\t\t<\/div>\n\t\t\t\t<\/div>\n\t\t\t\t<\/div>\n\t\t\t\t<\/div>\n\t\t\t\t<\/div>\n\t\t\t\t\t<\/div>\n\t\t\t\t<\/div>\n\t\t\t\t<\/div>\n\t\t","protected":false},"excerpt":{"rendered":"<p>A2D Acquire to Decide construction STRUCTURE INSPECTION AND AUTOMATIC FAULT DETECTION &#8211; PREDICTIVE MAINTENANCE Analyse detected anomalies &#8211; Automatically edit your reports Our AI leads you to the essential: the anomalies detected that require your expertise. Detection, analysis and monitoring of damage to masonry structures Read more Detection and temporal monitoring of deterioration in weakly [&hellip;]<\/p>\n","protected":false},"author":2,"featured_media":0,"parent":2652,"menu_order":0,"comment_status":"closed","ping_status":"closed","template":"","meta":{"_acf_changed":false,"footnotes":""},"class_list":["post-2644","page","type-page","status-publish","hentry"],"acf":[],"yoast_head":"<title>A2D | Our solutions - Civil Engineering - AI for predictive maintenance of structures and infrastructures<\/title>\n<meta name=\"description\" content=\"A2D designs automation solutions for detection, mapping and monitoring of the evolution of anomalies to anticipate the impacts of damage to structures, buildings and roads.\" \/>\n<meta name=\"robots\" content=\"index, follow, max-snippet:-1, max-image-preview:large, max-video-preview:-1\" \/>\n<link rel=\"canonical\" href=\"https:\/\/www.a2d.ai\/en\/our-solutions\/civil-engineering\/\" \/>\n<meta property=\"og:locale\" content=\"en_US\" \/>\n<meta property=\"og:type\" content=\"article\" \/>\n<meta property=\"og:title\" content=\"A2D | Our solutions - Civil Engineering - AI for predictive maintenance of structures and infrastructures\" \/>\n<meta property=\"og:description\" content=\"A2D designs automation solutions for detection, mapping and monitoring of the evolution of anomalies to anticipate the impacts of damage to structures, buildings and roads.\" \/>\n<meta property=\"og:url\" content=\"https:\/\/www.a2d.ai\/en\/our-solutions\/civil-engineering\/\" \/>\n<meta property=\"og:site_name\" content=\"A2D\" \/>\n<meta property=\"article:modified_time\" content=\"2025-12-05T17:09:05+00:00\" \/>\n<meta property=\"og:image\" content=\"https:\/\/www.a2d.ai\/wp-content\/uploads\/2025\/04\/image-plateforme-abbaye-mob.png\" \/>\n\t<meta property=\"og:image:width\" content=\"634\" \/>\n\t<meta property=\"og:image:height\" content=\"620\" \/>\n\t<meta property=\"og:image:type\" content=\"image\/png\" \/>\n<meta name=\"twitter:card\" content=\"summary_large_image\" \/>\n<meta name=\"twitter:label1\" content=\"Est. reading time\" \/>\n\t<meta name=\"twitter:data1\" content=\"1 minute\" \/>\n<script type=\"application\/ld+json\" class=\"yoast-schema-graph\">{\"@context\":\"https:\\\/\\\/schema.org\",\"@graph\":[{\"@type\":\"WebPage\",\"@id\":\"https:\\\/\\\/www.a2d.ai\\\/en\\\/our-solutions\\\/civil-engineering\\\/\",\"url\":\"https:\\\/\\\/www.a2d.ai\\\/en\\\/our-solutions\\\/civil-engineering\\\/\",\"name\":\"A2D | Our solutions - Civil Engineering - AI for predictive maintenance of structures and infrastructures\",\"isPartOf\":{\"@id\":\"https:\\\/\\\/www.a2d.ai\\\/en\\\/#website\"},\"primaryImageOfPage\":{\"@id\":\"https:\\\/\\\/www.a2d.ai\\\/en\\\/our-solutions\\\/civil-engineering\\\/#primaryimage\"},\"image\":{\"@id\":\"https:\\\/\\\/www.a2d.ai\\\/en\\\/our-solutions\\\/civil-engineering\\\/#primaryimage\"},\"thumbnailUrl\":\"https:\\\/\\\/www.a2d.ai\\\/wp-content\\\/uploads\\\/2025\\\/04\\\/image-plateforme-abbaye-mob.png\",\"datePublished\":\"2024-01-10T14:14:03+00:00\",\"dateModified\":\"2025-12-05T17:09:05+00:00\",\"description\":\"A2D designs automation solutions for detection, mapping and monitoring of the evolution of anomalies to anticipate the impacts of damage to structures, buildings and roads.\",\"breadcrumb\":{\"@id\":\"https:\\\/\\\/www.a2d.ai\\\/en\\\/our-solutions\\\/civil-engineering\\\/#breadcrumb\"},\"inLanguage\":\"en-US\",\"potentialAction\":[{\"@type\":\"ReadAction\",\"target\":[\"https:\\\/\\\/www.a2d.ai\\\/en\\\/our-solutions\\\/civil-engineering\\\/\"]}]},{\"@type\":\"ImageObject\",\"inLanguage\":\"en-US\",\"@id\":\"https:\\\/\\\/www.a2d.ai\\\/en\\\/our-solutions\\\/civil-engineering\\\/#primaryimage\",\"url\":\"https:\\\/\\\/www.a2d.ai\\\/wp-content\\\/uploads\\\/2025\\\/04\\\/image-plateforme-abbaye-mob.png\",\"contentUrl\":\"https:\\\/\\\/www.a2d.ai\\\/wp-content\\\/uploads\\\/2025\\\/04\\\/image-plateforme-abbaye-mob.png\"},{\"@type\":\"BreadcrumbList\",\"@id\":\"https:\\\/\\\/www.a2d.ai\\\/en\\\/our-solutions\\\/civil-engineering\\\/#breadcrumb\",\"itemListElement\":[{\"@type\":\"ListItem\",\"position\":1,\"name\":\"Home\",\"item\":\"https:\\\/\\\/www.a2d.ai\\\/en\\\/home-2\\\/\"},{\"@type\":\"ListItem\",\"position\":2,\"name\":\"Our solutions\",\"item\":\"https:\\\/\\\/www.a2d.ai\\\/en\\\/our-solutions\\\/\"},{\"@type\":\"ListItem\",\"position\":3,\"name\":\"Civil Engineering\"}]},{\"@type\":\"WebSite\",\"@id\":\"https:\\\/\\\/www.a2d.ai\\\/en\\\/#website\",\"url\":\"https:\\\/\\\/www.a2d.ai\\\/en\\\/\",\"name\":\"A2D\",\"description\":\"Acquire to Decide\",\"potentialAction\":[{\"@type\":\"SearchAction\",\"target\":{\"@type\":\"EntryPoint\",\"urlTemplate\":\"https:\\\/\\\/www.a2d.ai\\\/en\\\/?s={search_term_string}\"},\"query-input\":{\"@type\":\"PropertyValueSpecification\",\"valueRequired\":true,\"valueName\":\"search_term_string\"}}],\"inLanguage\":\"en-US\"}]}<\/script>","yoast_head_json":{"title":"A2D | Our solutions - Civil Engineering - AI for predictive maintenance of structures and infrastructures","description":"A2D designs automation solutions for detection, mapping and monitoring of the evolution of anomalies to anticipate the impacts of damage to structures, buildings and roads.","robots":{"index":"index","follow":"follow","max-snippet":"max-snippet:-1","max-image-preview":"max-image-preview:large","max-video-preview":"max-video-preview:-1"},"canonical":"https:\/\/www.a2d.ai\/en\/our-solutions\/civil-engineering\/","og_locale":"en_US","og_type":"article","og_title":"A2D | Our solutions - Civil Engineering - AI for predictive maintenance of structures and infrastructures","og_description":"A2D designs automation solutions for detection, mapping and monitoring of the evolution of anomalies to anticipate the impacts of damage to structures, buildings and roads.","og_url":"https:\/\/www.a2d.ai\/en\/our-solutions\/civil-engineering\/","og_site_name":"A2D","article_modified_time":"2025-12-05T17:09:05+00:00","og_image":[{"width":634,"height":620,"url":"https:\/\/www.a2d.ai\/wp-content\/uploads\/2025\/04\/image-plateforme-abbaye-mob.png","type":"image\/png"}],"twitter_card":"summary_large_image","twitter_misc":{"Est. reading time":"1 minute"},"schema":{"@context":"https:\/\/schema.org","@graph":[{"@type":"WebPage","@id":"https:\/\/www.a2d.ai\/en\/our-solutions\/civil-engineering\/","url":"https:\/\/www.a2d.ai\/en\/our-solutions\/civil-engineering\/","name":"A2D | Our solutions - Civil Engineering - AI for predictive maintenance of structures and infrastructures","isPartOf":{"@id":"https:\/\/www.a2d.ai\/en\/#website"},"primaryImageOfPage":{"@id":"https:\/\/www.a2d.ai\/en\/our-solutions\/civil-engineering\/#primaryimage"},"image":{"@id":"https:\/\/www.a2d.ai\/en\/our-solutions\/civil-engineering\/#primaryimage"},"thumbnailUrl":"https:\/\/www.a2d.ai\/wp-content\/uploads\/2025\/04\/image-plateforme-abbaye-mob.png","datePublished":"2024-01-10T14:14:03+00:00","dateModified":"2025-12-05T17:09:05+00:00","description":"A2D designs automation solutions for detection, mapping and monitoring of the evolution of anomalies to anticipate the impacts of damage to structures, buildings and roads.","breadcrumb":{"@id":"https:\/\/www.a2d.ai\/en\/our-solutions\/civil-engineering\/#breadcrumb"},"inLanguage":"en-US","potentialAction":[{"@type":"ReadAction","target":["https:\/\/www.a2d.ai\/en\/our-solutions\/civil-engineering\/"]}]},{"@type":"ImageObject","inLanguage":"en-US","@id":"https:\/\/www.a2d.ai\/en\/our-solutions\/civil-engineering\/#primaryimage","url":"https:\/\/www.a2d.ai\/wp-content\/uploads\/2025\/04\/image-plateforme-abbaye-mob.png","contentUrl":"https:\/\/www.a2d.ai\/wp-content\/uploads\/2025\/04\/image-plateforme-abbaye-mob.png"},{"@type":"BreadcrumbList","@id":"https:\/\/www.a2d.ai\/en\/our-solutions\/civil-engineering\/#breadcrumb","itemListElement":[{"@type":"ListItem","position":1,"name":"Home","item":"https:\/\/www.a2d.ai\/en\/home-2\/"},{"@type":"ListItem","position":2,"name":"Our solutions","item":"https:\/\/www.a2d.ai\/en\/our-solutions\/"},{"@type":"ListItem","position":3,"name":"Civil Engineering"}]},{"@type":"WebSite","@id":"https:\/\/www.a2d.ai\/en\/#website","url":"https:\/\/www.a2d.ai\/en\/","name":"A2D","description":"Acquire to Decide","potentialAction":[{"@type":"SearchAction","target":{"@type":"EntryPoint","urlTemplate":"https:\/\/www.a2d.ai\/en\/?s={search_term_string}"},"query-input":{"@type":"PropertyValueSpecification","valueRequired":true,"valueName":"search_term_string"}}],"inLanguage":"en-US"}]}},"_links":{"self":[{"href":"https:\/\/www.a2d.ai\/en\/wp-json\/wp\/v2\/pages\/2644","targetHints":{"allow":["GET"]}}],"collection":[{"href":"https:\/\/www.a2d.ai\/en\/wp-json\/wp\/v2\/pages"}],"about":[{"href":"https:\/\/www.a2d.ai\/en\/wp-json\/wp\/v2\/types\/page"}],"author":[{"embeddable":true,"href":"https:\/\/www.a2d.ai\/en\/wp-json\/wp\/v2\/users\/2"}],"replies":[{"embeddable":true,"href":"https:\/\/www.a2d.ai\/en\/wp-json\/wp\/v2\/comments?post=2644"}],"version-history":[{"count":3,"href":"https:\/\/www.a2d.ai\/en\/wp-json\/wp\/v2\/pages\/2644\/revisions"}],"predecessor-version":[{"id":5845,"href":"https:\/\/www.a2d.ai\/en\/wp-json\/wp\/v2\/pages\/2644\/revisions\/5845"}],"up":[{"embeddable":true,"href":"https:\/\/www.a2d.ai\/en\/wp-json\/wp\/v2\/pages\/2652"}],"wp:attachment":[{"href":"https:\/\/www.a2d.ai\/en\/wp-json\/wp\/v2\/media?parent=2644"}],"curies":[{"name":"wp","href":"https:\/\/api.w.org\/{rel}","templated":true}]}}